{"id":198,"date":"2020-07-10T18:45:37","date_gmt":"2020-07-10T18:45:37","guid":{"rendered":"https:\/\/globalbeauty.info\/?page_id=198"},"modified":"2020-07-10T18:49:59","modified_gmt":"2020-07-10T18:49:59","slug":"sobre-nosotros","status":"publish","type":"page","link":"https:\/\/globalbeauty.info\/es\/sobre-nosotros\/","title":{"rendered":"Acerca de"},"content":{"rendered":"<p>Global Beauty Partners es una firma de consultor\u00eda boutique que ayuda a las compa\u00f1\u00edas de belleza a expandirse en los mercados internacionales.<\/p>\n<p>Aprovechando muchos a\u00f1os de experiencia y una amplia red global de contactos clave en la industria de la belleza, apoyamos a nuestros clientes en el dise\u00f1o de la estrategia global de ventas y marketing, encontrando los socios m\u00e1s confiables en cada territorio y garantizando una relaci\u00f3n rentable a largo plazo con los clientes.<\/p>\n<p>Con un enfoque flexible y pragm\u00e1tico, nos aseguramos de que nuestros clientes obtengan el mejor valor de nuestra extensa red mundial de project managers, gerentes ejecutivos, colaboradores y organizaciones asociadas para lograr un crecimiento exponencial de las ventas y convertirse en una historia de \u00e9xito global.<\/p>\n","protected":false},"excerpt":{"rendered":"<p>Global Beauty Partners es una firma de consultor\u00eda boutique que ayuda a las compa\u00f1\u00edas de belleza a expandirse en los mercados internacionales. Aprovechando muchos a\u00f1os de experiencia y una amplia red global de contactos clave en la industria de la belleza, apoyamos a nuestros clientes en el dise\u00f1o de la estrategia global de ventas y [&hellip;]<\/p>\n","protected":false},"author":1,"featured_media":104,"parent":0,"menu_order":0,"comment_status":"closed","ping_status":"closed","template":"page_about_us.php","meta":{"_acf_changed":false,"footnotes":""},"class_list":["post-198","page","type-page","status-publish","has-post-thumbnail","hentry"],"acf":[],"jetpack_sharing_enabled":true,"_links":{"self":[{"href":"https:\/\/globalbeauty.info\/es\/wp-json\/wp\/v2\/pages\/198","targetHints":{"allow":["GET"]}}],"collection":[{"href":"https:\/\/globalbeauty.info\/es\/wp-json\/wp\/v2\/pages"}],"about":[{"href":"https:\/\/globalbeauty.info\/es\/wp-json\/wp\/v2\/types\/page"}],"author":[{"embeddable":true,"href":"https:\/\/globalbeauty.info\/es\/wp-json\/wp\/v2\/users\/1"}],"replies":[{"embeddable":true,"href":"https:\/\/globalbeauty.info\/es\/wp-json\/wp\/v2\/comments?post=198"}],"version-history":[{"count":5,"href":"https:\/\/globalbeauty.info\/es\/wp-json\/wp\/v2\/pages\/198\/revisions"}],"predecessor-version":[{"id":203,"href":"https:\/\/globalbeauty.info\/es\/wp-json\/wp\/v2\/pages\/198\/revisions\/203"}],"wp:featuredmedia":[{"embeddable":true,"href":"https:\/\/globalbeauty.info\/es\/wp-json\/wp\/v2\/media\/104"}],"wp:attachment":[{"href":"https:\/\/globalbeauty.info\/es\/wp-json\/wp\/v2\/media?parent=198"}],"curies":[{"name":"wp","href":"https:\/\/api.w.org\/{rel}","templated":true}]}}