{"id":186,"date":"2020-07-10T16:36:50","date_gmt":"2020-07-10T16:36:50","guid":{"rendered":"https:\/\/globalbeauty.info\/?page_id=186"},"modified":"2020-07-10T16:36:50","modified_gmt":"2020-07-10T16:36:50","slug":"cookies-policy","status":"publish","type":"page","link":"https:\/\/globalbeauty.info\/es\/cookies-policy\/","title":{"rendered":"Cookies Policy"},"content":{"rendered":"<p>El acceso a <a href=\"https:\/\/globalbeauty.info\"><strong>globalbeauty.info<\/strong><\/a>\u00a0puede implicar la utilizaci\u00f3n de cookies. Las cookies son peque\u00f1as cantidades de informaci\u00f3n que se almacenan en el navegador utilizado por cada usuario para que el servidor recuerde cierta informaci\u00f3n que posteriormente pueda utilizar. Esta informaci\u00f3n permite identificarle a usted como un usuario concreto y permite guardar sus preferencias personales, as\u00ed como informaci\u00f3n t\u00e9cnica como puedan ser visitas o p\u00e1ginas concretas que visite.<\/p>\n<p>Aquellos usuarios que no deseen recibir cookies o quieran ser informados antes de que se almacenen en su ordenador, pueden configurar su navegador a tal efecto.<\/p>\n<p>La mayor parte de los navegadores de hoy en d\u00eda permiten la gesti\u00f3n de las cookies de 3 formas diferentes:<\/p>\n<ol>\n<li>Las cookies no se aceptan nunca.<\/li>\n<li>El navegador pregunta al usuario si se debe aceptar cada cookie.<\/li>\n<li>Las cookies se aceptan siempre.<\/li>\n<\/ol>\n<p>El navegador tambi\u00e9n puede incluir la posibilidad de especificar mejor qu\u00e9 cookies tienen que ser aceptadas y cu\u00e1les no. En concreto, el usuario puede normalmente aceptar alguna de las siguientes opciones: rechazar las cookies de determinados dominios; rechazar las cookies de terceros; aceptar cookies como no persistentes (se eliminan cuando el navegador se cierra); permitir al servidor crear cookies para un dominio diferente. Adem\u00e1s, los navegadores pueden tambi\u00e9n permitir a los usuarios ver y borrar cookies individualmente.<\/p>\n<p>Google, como proveedor asociado, utiliza cookies para publicar anuncios en su sitio. Los usuarios pueden inhabilitar el uso de la <a href=\"https:\/\/www.google.com\/policies\/technologies\/ads\/\">cookie de DART<\/a> a trav\u00e9s del anuncio de Google y accediendo a la <a href=\"http:\/\/www.google.com\/policies\/technologies\/ads\/\">pol\u00edtica de privacidad de la red de contenido<\/a>.<\/p>\n<p>Dispone de m\u00e1s informaci\u00f3n sobre las Cookies en: <a href=\"http:\/\/es.wikipedia.org\/wiki\/Cookie\">http:\/\/es.wikipedia.org\/wiki\/Cookie<\/a><\/p>\n<p>Lista cookies:<\/p>\n<table class=\"table table-bordered\" style=\"height: 276px;\">\n<tbody>\n<tr style=\"height: 23px;\">\n<th class=\"tg-8xqh\" style=\"width: 62px; height: 23px;\">Cookie<\/th>\n<th class=\"tg-8xqh\" style=\"width: 121px; height: 23px;\">Nombre<\/th>\n<th class=\"tg-8xqh\" style=\"width: 450px; height: 23px;\">Prop\u00f3sito<\/th>\n<th class=\"tg-8xqh\" style=\"width: 206px; height: 23px;\">M\u00e1s informaci\u00f3n<\/th>\n<\/tr>\n<tr style=\"height: 46px;\">\n<td class=\"tg-031e\" style=\"text-align: center; width: 62px; height: 46px;\">Web<\/td>\n<td class=\"tg-031e\" style=\"text-align: center; width: 121px; height: 46px;\">PHPSESSID<\/td>\n<td class=\"tg-031e\" style=\"width: 450px; height: 46px;\">Cookies t\u00e9cnicas. Permite al usuario visualizar la p\u00e1gina e interactuar con ella.<\/td>\n<td class=\"tg-031e\" style=\"text-align: center; width: 206px; height: 46px;\"><a href=\"https:\/\/globalbeauty.info\/es\/aviso-legal\/\">Aviso legal<\/a> y <a href=\"https:\/\/globalbeauty.info\/es\/politica-de-privacidad\/\">pol\u00edtica de privacidad.<\/a><\/td>\n<\/tr>\n<tr style=\"height: 46px;\">\n<td class=\"tg-031e\" style=\"text-align: center; width: 62px; height: 46px;\">Web<\/td>\n<td class=\"tg-031e\" style=\"text-align: center; width: 121px; height: 46px;\">wp-settings-[fecha]-[ID]<\/td>\n<td class=\"tg-031e\" style=\"width: 450px; height: 46px;\">Cookies t\u00e9cnicas. Permite personalizar la vista del usuario cuando ha iniciado sesi\u00f3n.<\/td>\n<td class=\"tg-031e\" style=\"text-align: center; width: 206px; height: 46px;\"><a href=\"https:\/\/globalbeauty.info\/es\/aviso-legal\/\">Aviso legal<\/a> y <a href=\"https:\/\/globalbeauty.info\/es\/politica-de-privacidad\/\">pol\u00edtica de privacidad.<\/a><\/td>\n<\/tr>\n<tr style=\"height: 92px;\">\n<td style=\"text-align: center; width: 62px; height: 92px;\">Web<\/td>\n<td style=\"text-align: center; width: 121px; height: 92px;\">wfwaf-authcookie-(hash)<br \/>\nwf_loginalerted_(hash)<br \/>\nwfCBLBypass<\/td>\n<td style=\"width: 450px; height: 92px;\">Cookies t\u00e9cnicas. Permiten ofrecer servicios de seguridad y distintos accesos a usuarios registrados, visitantes y\/o administradores de la web.<\/td>\n<td style=\"text-align: center; width: 206px; height: 92px;\"><a href=\"https:\/\/globalbeauty.info\/aviso-legal\/\">Aviso legal<\/a> y <a href=\"https:\/\/globalbeauty.info\/es\/politica-de-privacidad\/\">pol\u00edtica de privacidad.<\/a><\/td>\n<\/tr>\n<\/tbody>\n<\/table>\n<p>Usamos redes sociales para dinamizar tu visita a nuestro sitio, y mejorar tu experiencia social. Los distintos servicios que usamos instalan las siguientes cookies:<\/p>\n<ul>\n<li>Facebook: reg_fb_ref,\u00a0reg_fb_gate,\u00a0locale,\u00a0datr<\/li>\n<li>Twitter:\u00a0guest_id<\/li>\n<li>Google+:\u00a0NID<\/li>\n<li>Youtube:\u00a0PREF,\u00a0VISITOR_INFO1_LIVE,\u00a0YSC<\/li>\n<li>GetResponse:\u00a0GetResponseComWebform242976,\u00a0GetResponseComWebform600439,\u00a0Coyote-2<\/li>\n<li>cf08c61a,\u00a0webform_opened_242976,\u00a0webform_opened_600439: Identifican el estado de los Widgets de GetResponse en nuestro sitio.<\/li>\n<li>Addthis:\u00a0__atuvc, loc, psc, uid, xtc<\/li>\n<li>Cookies de anal\u00edtica<\/li>\n<\/ul>\n<p>Usamos google analytics para contabilizar las visitas al sitio, as\u00ed como ver datos c\u00f3mo de d\u00f3nde vienen y su navegaci\u00f3n a trav\u00e9s de la web. De cara a nosotros estas visitas permanecen en el anonimato, pero el servicio dirigido por Google instala las siguientes cookies para identificarte en su red.<\/p>\n<ul>\n<li>_umta\u00a0: Identifica el navegador<\/li>\n<li>_umtb: Identifica usuarios \u00fanicos<\/li>\n<li>_umtc: Idem anterior pero con diferente caducidad<\/li>\n<li>_umtz: Identifica la procedencia a la web<\/li>\n<li>_umtv: Identifica el comportamiento por la web<\/li>\n<\/ul>\n<p>Tambi\u00e9n usamos addthis para asegurar la fiabilidad de los datos, este servicio usa las siguientes cookies:<\/p>\n<ul>\n<li>__atrfs,\u00a0__atuvc<\/li>\n<\/ul>\n<p><strong>Desactivaci\u00f3n o eliminaci\u00f3n de cookies<\/strong><\/p>\n<p>En cualquier momento podr\u00e1 ejercer su derecho de desactivaci\u00f3n o eliminaci\u00f3n de cookies de este sitio web. Estas acciones se realizan de forma diferente en funci\u00f3n del navegador que est\u00e9 usando. Aqu\u00ed le dejamos una gu\u00eda r\u00e1pida para los navegadores m\u00e1s populares:<\/p>\n<h2>Web Beacons<\/h2>\n<p>Este sitio puede albergar tambi\u00e9n web beacons (tambi\u00e9n conocidos por web bugs). Los web beacons suelen ser peque\u00f1as im\u00e1genes de un pixel por un pixel, visibles o invisibles colocados dentro del c\u00f3digo fuente de las p\u00e1ginas web de un sitio. Los Web beacons sirven y se utilizan de una forma similar a las cookies. Adem\u00e1s, los web beacons suelen utilizarse para medir el tr\u00e1fico de usuarios que visitan una p\u00e1gina web y poder sacar un patr\u00f3n de los usuarios de un sitio.<\/p>\n<p>Dispone de m\u00e1s informaci\u00f3n sobre los web beacons en: http:\/\/es.wikipedia.org\/wiki\/Web_bug<\/p>\n<h2>\u00bfQu\u00e9 es una cookie?<\/h2>\n<p>Una cookie es un fichero de texto inofensivo que se almacena en su navegador cuando visita casi cualquier p\u00e1gina web. La utilidad de la cookie es, entre otras, que la web sea capaz de recordar su visita cuando vuelva a navegar por esa p\u00e1gina. Almacena informaci\u00f3n relativa al usuario y relacionada con la propia web, como su nombre de usuario y contrase\u00f1a para no introducirla en cada p\u00e1gina, y preferencias en cuanto a configuraci\u00f3n o personalizaci\u00f3n de la web.<\/p>\n<h2>\u00bfQu\u00e9 NO ES una cookie?<\/h2>\n<p>No es un virus, ni un troyano, ni un gusano, ni spam, ni spyware, ni abre ventanas pop-up.<\/p>\n<h2>\u00bfQu\u00e9 informaci\u00f3n almacena una cookie?<\/h2>\n<p>Las cookies no almacenan informaci\u00f3n sensible sobre usted, como tarjetas de cr\u00e9dito o datos bancarios, fotograf\u00edas, su DNI o informaci\u00f3n personal, etc. Los datos que guardan son de car\u00e1cter t\u00e9cnico, preferencias personales, personalizaci\u00f3n de contenidos, recordar campos de formularios\u2026<\/p>\n<p>El servidor web no le asocia a usted como persona si no a su navegador web. De hecho, si usted navega habitualmente con, por ejemplo, Internet Explorer y prueba a navegar por la misma web con Firefox o Chrome ver\u00e1 que la web no sabe que es usted la misma persona porque en realidad est\u00e1 asociando la visita al navegador, no a la persona.<\/p>\n<h2>\u00bfQu\u00e9 tipo de cookies existen?<\/h2>\n<ul>\n<li>Cookies t\u00e9cnicas: Son las m\u00e1s elementales y permiten que la web que las utilice funcione correctamente, sin ellas la web no funcionar\u00eda con normalidad. Son necesarias para el funcionamiento de sistemas de usuarios, comentarios o la configuraci\u00f3n personal de una web.<\/li>\n<li>Cookies de an\u00e1lisis: Recogen informaci\u00f3n estad\u00edstica sobre los visitantes de una p\u00e1gina web (p\u00e1ginas m\u00e1s visitadas, tipo de dispositivo del usuario, fuentes de tr\u00e1fico). Es informaci\u00f3n muy valiosa para el propietario de un sitio web, pues le permite mejorar su web y realizar los cambios<br \/>\noportunos seg\u00fan el tipo de visitante o la forma en que \u00e9stos navegan por la web. La mayor\u00eda de las web utilizan Google Analytics para este fin.<\/li>\n<li>Cookies publicitarias: Muestran publicidad en funci\u00f3n de su navegaci\u00f3n, su pa\u00eds de procedencia, idioma, preferencias en cuanto a temas, etc. Son muchas las empresas que ofrecen este servicio de publicidad por internet, y su pol\u00edtica de cookies puede variar.<\/li>\n<\/ul>\n<h2>\u00bfQu\u00e9 son las cookies propias y las de terceros?<\/h2>\n<p>Las cookies propias son las generadas por la p\u00e1gina que est\u00e1 visitando, generalmente cookies t\u00e9cnicas, necesarias para el buen funcionamiento de la web y para que el usuario obtenga una buena experiencia de navegaci\u00f3n.<\/p>\n<p>Las cookies de terceros son las generadas por servicios o proveedores externos como Facebook o Twitter con widgets de sus redes sociales o botones para compartir contenido de la web, o Google a la hora de ofrecer anal\u00edtica web. Estos son solo algunos ejemplos de cookies de<br \/>\nterceros, pues cualquier cookie que no pertenezca al dominio de la propia p\u00e1gina ser\u00e1 una cookie de terceros.<\/p>\n<h2>\u00bfQu\u00e9 ocurre si desactivo las cookies?<\/h2>\n<p>Para que entienda el alcance que puede tener desactivar las cookies le mostramos unos ejemplos:<\/p>\n<ul>\n<li>No podr\u00e1 compartir contenidos de esa web en Facebook, Twitter o cualquier otra red social.<\/li>\n<li>El sitio web no podr\u00e1 adaptar los contenidos a sus preferencias personales, como suele ocurrir en las tiendas online.<\/li>\n<li>No podr\u00e1 acceder al \u00e1rea personal de esa web, como por ejemplo \u2018Mi cuenta\u2019, \u2018Mi perfil\u2019 o \u2018Mis pedidos\u2019.<\/li>\n<li>Tiendas online: Le ser\u00e1 imposible realizar compras online, pues las plataformas de tiendas online utilizan cookies para funcionar.<\/li>\n<li>No ser\u00e1 posible personalizar sus preferencias geogr\u00e1ficas como franja horaria, divisa o idioma.<\/li>\n<li>El sitio web no podr\u00e1 realizar anal\u00edticas web sobre visitantes y tr\u00e1fico en la web, lo que dificultar\u00e1 que la web sea competitiva.<\/li>\n<li>No podr\u00e1 escribir en el blog, no podr\u00e1 subir fotos, publicar comentarios, valorar o puntuar contenidos.<\/li>\n<li>La web no podr\u00e1 saber si usted es un humano o una aplicaci\u00f3n automatizada que publica spam.<\/li>\n<li>No se podr\u00e1 mostrar publicidad sectorizada, lo que reducir\u00e1 los ingresos publicitarios de la web.<\/li>\n<li>Todas las redes sociales usan cookies, si las desactiva no podr\u00e1 utilizar ninguna red social.<\/li>\n<\/ul>\n<h2>\u00bfSe pueden eliminar las cookies?<\/h2>\n<p>S\u00ed. No s\u00f3lo eliminar, tambi\u00e9n bloquear, de forma general o particular para un dominio espec\u00edfico.<\/p>\n<p>Para eliminar las cookies de un sitio web debe ir a la configuraci\u00f3n de su navegador y all\u00ed podr\u00e1 buscar las asociadas al dominio en cuesti\u00f3n y proceder a su eliminaci\u00f3n.<\/p>\n<h2 id=\"navegadores\">Configuraci\u00f3n de cookies para los navegadores m\u00e1s polulares<\/h2>\n<p>A continuaci\u00f3n le indicamos c\u00f3mo acceder a la configuraci\u00f3n de las cookies en los navegadores m\u00e1s populares del mercado. Los pasos pueden variar en funci\u00f3n de la versi\u00f3n del navegador que utilice.<\/p>\n<p>Google Chrome.<\/p>\n<ol>\n<li>Vaya a Configuraci\u00f3n o Preferencias mediante el men\u00fa Archivo o bien pinchando el icono de personalizaci\u00f3n que aparece arriba a la derecha.<\/li>\n<li>Ver\u00e1 diferentes secciones, pinche la opci\u00f3n Mostrar opciones avanzadas.<\/li>\n<li>Vaya a Privacidad, Configuraci\u00f3n de contenido.<\/li>\n<li>Seleccione Todas las cookies y los datos de sitios. Aparecer\u00e1 un listado con todas las cookies ordenadas por dominio. Para que le sea m\u00e1s f\u00e1cil encontrar las cookies de un determinado dominio introduzca parcial o totalmente la direcci\u00f3n en el campo Buscar cookies.<\/li>\n<li>Tras realizar este filtro aparecer\u00e1n en pantalla una o varias l\u00edneas con las cookies de la web solicitada. Ahora s\u00f3lo tiene que seleccionarla y pulsar la X para proceder a su eliminaci\u00f3n.<\/li>\n<\/ol>\n<p>Internet Explorer<\/p>\n<ol>\n<li>Vaya a Herramientas, Opciones de Internet<\/li>\n<li>Haga click en Privacidad.<\/li>\n<li>Mueva el deslizador hasta ajustar el nivel de privacidad que desee.<\/li>\n<\/ol>\n<p>Mozilla Firefox<\/p>\n<ol>\n<li>Vaya a Opciones o Preferencias seg\u00fan su sistema operativo.<\/li>\n<li>Haga click en Privacidad.<\/li>\n<li>En Historial elija Usar una configuraci\u00f3n personalizada para el historial.<\/li>\n<li>Ahora ver\u00e1 la opci\u00f3n Aceptar cookies, puede activarla o desactivarla seg\u00fan sus preferencias.<\/li>\n<\/ol>\n<p>Safari (para OS X)<\/p>\n<ol>\n<li>Vaya a Preferencias, luego Privacidad.<\/li>\n<li>En este lugar ver\u00e1 la opci\u00f3n Bloquear cookies para que ajuste el tipo de bloqueo que desea realizar.<\/li>\n<\/ol>\n<p>Safari (para iOS)<\/p>\n<ol>\n<li>Vaya a Ajustes, luego Safari.<\/li>\n<li>Vaya a Privacidad y Seguridad, ver\u00e1 la opci\u00f3n Bloquear cookies para que ajuste el tipo de bloqueo que desea realizar.<\/li>\n<\/ol>\n<p>Navegador nativo de Android<\/p>\n<ol>\n<li>Ejecute el navegador y pulse la tecla Men\u00fa, luego Ajustes.<\/li>\n<li>Vaya a Seguridad y Privacidad, ver\u00e1 la opci\u00f3n Aceptar cookies para que active o desactive la casilla.<\/li>\n<\/ol>\n<p>Internet Explorer (para Windows Phone)<\/p>\n<ol>\n<li>Abra Internet Explorer, luego M\u00e1s, luego Configuraci\u00f3n<\/li>\n<li>Ahora puede activar o desactivar la casilla Permitir cookies.<\/li>\n<\/ol>\n","protected":false},"excerpt":{"rendered":"<p>El acceso a globalbeauty.info\u00a0puede implicar la utilizaci\u00f3n de cookies. Las cookies son peque\u00f1as cantidades de informaci\u00f3n que se almacenan en el navegador utilizado por cada usuario para que el servidor recuerde cierta informaci\u00f3n que posteriormente pueda utilizar. Esta informaci\u00f3n permite identificarle a usted como un usuario concreto y permite guardar sus preferencias personales, as\u00ed como [&hellip;]<\/p>\n","protected":false},"author":1,"featured_media":0,"parent":0,"menu_order":0,"comment_status":"closed","ping_status":"closed","template":"","meta":{"_acf_changed":false,"footnotes":""},"class_list":["post-186","page","type-page","status-publish","hentry"],"acf":[],"jetpack_sharing_enabled":true,"_links":{"self":[{"href":"https:\/\/globalbeauty.info\/es\/wp-json\/wp\/v2\/pages\/186","targetHints":{"allow":["GET"]}}],"collection":[{"href":"https:\/\/globalbeauty.info\/es\/wp-json\/wp\/v2\/pages"}],"about":[{"href":"https:\/\/globalbeauty.info\/es\/wp-json\/wp\/v2\/types\/page"}],"author":[{"embeddable":true,"href":"https:\/\/globalbeauty.info\/es\/wp-json\/wp\/v2\/users\/1"}],"replies":[{"embeddable":true,"href":"https:\/\/globalbeauty.info\/es\/wp-json\/wp\/v2\/comments?post=186"}],"version-history":[{"count":1,"href":"https:\/\/globalbeauty.info\/es\/wp-json\/wp\/v2\/pages\/186\/revisions"}],"predecessor-version":[{"id":188,"href":"https:\/\/globalbeauty.info\/es\/wp-json\/wp\/v2\/pages\/186\/revisions\/188"}],"wp:attachment":[{"href":"https:\/\/globalbeauty.info\/es\/wp-json\/wp\/v2\/media?parent=186"}],"curies":[{"name":"wp","href":"https:\/\/api.w.org\/{rel}","templated":true}]}}