{"id":182,"date":"2020-07-10T16:30:25","date_gmt":"2020-07-10T16:30:25","guid":{"rendered":"https:\/\/globalbeauty.info\/?page_id=182"},"modified":"2020-07-10T16:32:56","modified_gmt":"2020-07-10T16:32:56","slug":"politica-de-privacidad","status":"publish","type":"page","link":"https:\/\/globalbeauty.info\/es\/politica-de-privacidad\/","title":{"rendered":"Pol\u00edtica de privacidad"},"content":{"rendered":"<p>Global Beauty Partners informa a los usuarios del sitio web sobre su pol\u00edtica respecto del tratamiento y protecci\u00f3n de los datos de car\u00e1cter personal de los usuarios y clientes que puedan ser recabados por la navegaci\u00f3n o contrataci\u00f3n de servicios a trav\u00e9s de su sitio web.<\/p>\n<p>En este sentido, Global Beauty Partners garantiza el cumplimiento de la normativa vigente en materia de protecci\u00f3n de datos personales, Reglamento General de Protecci\u00f3n de Datos (RGPD).<\/p>\n<p>El uso de esta web implica la aceptaci\u00f3n de esta pol\u00edtica de privacidad.<\/p>\n<h2>Recogida, finalidad y tratamiento de datos<\/h2>\n<p>Global Beauty Partners tiene el deber de informar a los usuarios de su sitio web acerca de la recogida de datos de car\u00e1cter personal que pueden llevarse a cabo, bien sea mediante el env\u00edo de correo electr\u00f3nico o al cumplimentar los formularios incluidos en el sitio web. En este sentido, Global Beauty Partners ser\u00e1 considerada como responsable de los datos recabados mediante los medios anteriormente descritos.<\/p>\n<p>Las operaciones, gestiones y procedimientos t\u00e9cnicos que se realicen de forma automatizada o no automatizada y que posibiliten la recogida, el almacenamiento, la modificaci\u00f3n, la transferencia y otras acciones sobre datos de car\u00e1cter personal, tienen la consideraci\u00f3n de tratamiento de datos personales.<\/p>\n<p>A su vez Global Beauty Partners informa a los usuarios de que cuales son los datos recabados:<\/p>\n<h4>1. Comentarios<\/h4>\n<p>Cuando los visitantes dejan comentarios en la web, recopilamos los datos que se muestran en el formulario de comentarios, as\u00ed como la direcci\u00f3n IP del visitante y la cadena de agentes de usuario del navegador para ayudar a la detecci\u00f3n de spam.<\/p>\n<p>Una cadena an\u00f3nima creada a partir de tu direcci\u00f3n de correo electr\u00f3nico (tambi\u00e9n llamada hash) puede ser proporcionada al servicio de Gravatar para ver si la est\u00e1s usando. La pol\u00edtica de privacidad del servicio Gravatar est\u00e1 disponible\u00a0<a href=\"https:\/\/automattic.com\/privacy\/\">aqu\u00ed<\/a>. Despu\u00e9s de la aprobaci\u00f3n de tu comentario, la imagen de tu perfil es visible para el p\u00fablico en el contexto de su comentario.<\/p>\n<h4>2. Medios<\/h4>\n<p>Si subes im\u00e1genes a la web deber\u00edas evitar subir im\u00e1genes con datos de ubicaci\u00f3n (GPS EXIF) incluidos. Los visitantes de la web pueden descargar y extraer cualquier dato de localizaci\u00f3n de las im\u00e1genes de la web.<\/p>\n<h4>3. Formularios de contacto<\/h4>\n<p>Cuando los visitantes dejan comentarios en la web, recopilamos los datos que se muestran en el formulario de contacto, as\u00ed como la direcci\u00f3n IP del visitante y la cadena de agentes de usuario del navegador para ayudar a la detecci\u00f3n de spam.<\/p>\n<p>Los datos obtenidos son utilizados para poder procesar la petici\u00f3n del usuario y responderle. Si selecciona la opci\u00f3n de ser incluido en avisos y ofertas, tambi\u00e9n utilizaremos los datos proporcionados para enviarle promociones o avisos relacionados con los servicios que ofrecemos.<\/p>\n<p>Los datos obtenidos mediante formulario de contacto no se almacenan en la base de datos o en archivos de la p\u00e1gina web.<\/p>\n<h4>4. Contenido incrustado de otros sitios web<\/h4>\n<p>Los art\u00edculos de este sitio pueden incluir contenido incrustado (por ejemplo, v\u00eddeos, im\u00e1genes, art\u00edculos, etc.). El contenido incrustado de otras web se comporta exactamente de la misma manera que si el visitante hubiera visitado la otra web.<\/p>\n<p>Est\u00e1s web pueden recopilar datos sobre ti, utilizar cookies, incrustar un seguimiento adicional de terceros, y supervisar tu interacci\u00f3n con ese contenido incrustado, incluido el seguimiento de su interacci\u00f3n con el contenido incrustado si tienes una cuenta y est\u00e1s conectado a esa web.<\/p>\n<h4>5. Cookies<\/h4>\n<p>Por favor, revise nuestra\u00a0<a href=\"https:\/\/globalbeauty.info\/es\/politica-de-cookies\/\">pol\u00edtica de cookies<\/a>.<\/p>\n<h2>Comunicaci\u00f3n de informaci\u00f3n a terceros<\/h2>\n<p>Global Beauty Partners informa a los usuarios de que sus datos personales no ser\u00e1n cedidos a terceras organizaciones, con la salvedad de que dicha cesi\u00f3n de datos est\u00e9 amparada en una obligaci\u00f3n legal o cuando la prestaci\u00f3n de un servicio implique la necesidad de una relaci\u00f3n contractual con un encargado de tratamiento. En este \u00faltimo caso, solo se llevar\u00e1 a cabo la cesi\u00f3n de datos al tercero cuando Global Beauty Partners disponga del consentimiento expreso del usuario.<\/p>\n<h2>Cuanto tiempo conservamos tus datos<\/h2>\n<p>Global Beauty Partners no conservar\u00e1 datos de car\u00e1cter personal salvo que sea estrictamente necesario para la prestaci\u00f3n del servicio, y solo durante el tiempo estrictamente necesario para su prestaci\u00f3n.<\/p>\n<h2>Que derechos tienes sobre tus datos<\/h2>\n<p>Si ha dejado comentarios en esta web\u00a0 puede solicitar recibir un archivo de exportaci\u00f3n de los datos personales que tenemos sobre usted, incluyendo cualquier dato que nos haya proporcionado. Tambi\u00e9n puede solicitar que eliminemos cualquier dato personal que tengamos sobre usted. Esto no incluye ning\u00fan dato que estemos obligados a conservar con fines administrativos, legales o de seguridad. Env\u00edenos un correo a\u00a0<a href=\"mailto:info@globalbeauty.info\">info@globalbeauty.info<\/a>.<\/p>\n","protected":false},"excerpt":{"rendered":"<p>Global Beauty Partners informa a los usuarios del sitio web sobre su pol\u00edtica respecto del tratamiento y protecci\u00f3n de los datos de car\u00e1cter personal de los usuarios y clientes que puedan ser recabados por la navegaci\u00f3n o contrataci\u00f3n de servicios a trav\u00e9s de su sitio web. En este sentido, Global Beauty Partners garantiza el cumplimiento [&hellip;]<\/p>\n","protected":false},"author":1,"featured_media":0,"parent":0,"menu_order":0,"comment_status":"closed","ping_status":"closed","template":"","meta":{"_acf_changed":false,"footnotes":""},"class_list":["post-182","page","type-page","status-publish","hentry"],"acf":[],"jetpack_sharing_enabled":true,"_links":{"self":[{"href":"https:\/\/globalbeauty.info\/es\/wp-json\/wp\/v2\/pages\/182","targetHints":{"allow":["GET"]}}],"collection":[{"href":"https:\/\/globalbeauty.info\/es\/wp-json\/wp\/v2\/pages"}],"about":[{"href":"https:\/\/globalbeauty.info\/es\/wp-json\/wp\/v2\/types\/page"}],"author":[{"embeddable":true,"href":"https:\/\/globalbeauty.info\/es\/wp-json\/wp\/v2\/users\/1"}],"replies":[{"embeddable":true,"href":"https:\/\/globalbeauty.info\/es\/wp-json\/wp\/v2\/comments?post=182"}],"version-history":[{"count":3,"href":"https:\/\/globalbeauty.info\/es\/wp-json\/wp\/v2\/pages\/182\/revisions"}],"predecessor-version":[{"id":185,"href":"https:\/\/globalbeauty.info\/es\/wp-json\/wp\/v2\/pages\/182\/revisions\/185"}],"wp:attachment":[{"href":"https:\/\/globalbeauty.info\/es\/wp-json\/wp\/v2\/media?parent=182"}],"curies":[{"name":"wp","href":"https:\/\/api.w.org\/{rel}","templated":true}]}}