{"id":180,"date":"2020-07-10T16:22:34","date_gmt":"2020-07-10T16:22:34","guid":{"rendered":"https:\/\/globalbeauty.info\/?page_id=180"},"modified":"2020-08-05T11:52:28","modified_gmt":"2020-08-05T11:52:28","slug":"aviso-legal","status":"publish","type":"page","link":"https:\/\/globalbeauty.info\/es\/aviso-legal\/","title":{"rendered":"Aviso Legal"},"content":{"rendered":"<p>En cumplimiento con el Reglamento General de Protecci\u00f3n de Datos (GDPR) (EU) 2016\/679, a continuaci\u00f3n se reflejan los siguientes datos: la empresa titular de dominio web es <strong>Lorenzo Grottanelli<\/strong>,\u00a0en adelante\u00a0<b>Global Beauty Partners<\/b>, con domicilio a estos efectos en CAMBIAR_AQU\u00cd.\u00a0Correo electr\u00f3nico de contacto:\u00a0<a href=\"mailto:info@globalbeauty.info\"><strong>info@globalbeauty.info<\/strong><\/a>.<\/p>\n<h2>Usuarios:<\/h2>\n<p>El acceso y\/o uso de este portal de\u00a0<b>GlobalBeauty.info<\/b>\u00a0atribuye la condici\u00f3n de USUARIO, que acepta, desde dicho acceso y\/o uso, las Condiciones Generales de Uso aqu\u00ed reflejadas. Las citadas Condiciones ser\u00e1n de aplicaci\u00f3n independientemente de las Condiciones Generales de Contrataci\u00f3n que en su caso resulten de obligado cumplimiento.<\/p>\n<h2>Uso del Portal:<\/h2>\n<p>GlobalBeauty.info proporciona el acceso a multitud de informaciones, servicios, programas o datos (en adelante, \u00ablos contenidos\u00bb) en Internet pertenecientes a\u00a0<b>GlobalBeauty.info<\/b><b>\u00a0<\/b>o a sus licenciantes a los que el USUARIO pueda tener acceso.<\/p>\n<p>El USUARIO asume la responsabilidad del uso del portal. Dicha responsabilidad se extiende al registro que fuese necesario para acceder a determinados servicios o contenidos. En dicho registro el USUARIO ser\u00e1 responsable de aportar informaci\u00f3n veraz y l\u00edcita. Como consecuencia de este registro, al USUARIO se le puede proporcionar una contrase\u00f1a de la que ser\u00e1 responsable, comprometi\u00e9ndose a hacer un uso diligente y confidencial de la misma.<\/p>\n<p>El USUARIO se compromete a hacer un uso adecuado de los contenidos y servicios (como por ejemplo servicios de chat, foros de discusi\u00f3n o grupos de noticias) que\u00a0<b>GlobalBeauty.info<\/b> ofrece a trav\u00e9s de su portal y con car\u00e1cter enunciativo pero no limitativo, a no emplearlos para:<\/p>\n<p>(i) incurrir en actividades il\u00edcitas, ilegales o contrarias a la buena fe y al orden p\u00fablico;<\/p>\n<p>(ii) difundir contenidos o propaganda de car\u00e1cter racista, xen\u00f3fobo, pornogr\u00e1fico-ilegal, de apolog\u00eda del terrorismo o atentatorio contra los derechos humanos;<\/p>\n<p>(iii) provocar da\u00f1os en los sistemas f\u00edsicos y l\u00f3gicos de\u00a0<b>GlobalBeauty.info<\/b>, de sus proveedores o de terceras personas, introducir o difundir en la red virus inform\u00e1ticos o cualesquiera otros sistemas f\u00edsicos o l\u00f3gicos que sean susceptibles de provocar los da\u00f1os anteriormente mencionados;<\/p>\n<p>(iv) intentar acceder y, en su caso, utilizar las cuentas de correo electr\u00f3nico de otros usuarios y modificar\u00a0o manipular sus mensajes.<\/p>\n<p><b>Global Beauty Partners<\/b>\u00a0se reserva el derecho de retirar todos aquellos comentarios y aportaciones que vulneren el respeto a la dignidad de la persona, que sean discriminatorios, xen\u00f3fobos, racistas, pornogr\u00e1ficos, que atenten contra la juventud o la infancia, el orden o la seguridad p\u00fablica o que, a su juicio, no resultaran adecuados para su publicaci\u00f3n. En cualquier caso,\u00a0<b>Global Beauty Partners<\/b>\u00a0no ser\u00e1 responsable de las opiniones vertidas por los usuarios a trav\u00e9s de los foros, chats, u otras herramientas de participaci\u00f3n.<\/p>\n<h2>Protecci\u00f3n de Datos:<\/h2>\n<p><b>Global Beauty Partners<\/b><b>\u00a0<\/b>cumple con el Reglamento General de Protecci\u00f3n de Datos\u00a0(GDPR) (EU) 2016\/679. Para m\u00e1s informaci\u00f3n consulte nuestra\u00a0<a href=\"https:\/\/globalbeauty.info\/es\/politica-de-privacidad\/\">pol\u00edtica de privacidad<\/a>.<\/p>\n<h2>Propiedad Industrial e Intelectual:<\/h2>\n<p><b>Global Beauty Partners<\/b><b>\u00a0<\/b>por s\u00ed o como cesionaria, es titular de todos los derechos de propiedad intelectual e industrial de su p\u00e1gina web, as\u00ed como de los elementos contenidos en la misma (a t\u00edtulo enunciativo, im\u00e1genes, sonido, audio, v\u00eddeo, software o textos; marcas o logotipos, combinaciones de colores, estructura y dise\u00f1o, selecci\u00f3n de materiales usados, programas de ordenador necesarios para su funcionamiento, acceso y uso, etc.), titularidad de\u00a0<b>Global Beauty Partners<\/b><b>\u00a0<\/b>o bien de sus licenciantes. Todos los derechos reservados.<\/p>\n<p>En virtud de lo dispuesto en los art\u00edculos 8 y 32.1, p\u00e1rrafo segundo, de la Ley de Propiedad Intelectual, quedan expresamente prohibidas la reproducci\u00f3n, la distribuci\u00f3n y la comunicaci\u00f3n p\u00fablica, incluida su modalidad de puesta a disposici\u00f3n, de la totalidad o parte de los contenidos de esta p\u00e1gina web, con fines comerciales, en cualquier soporte y por cualquier medio t\u00e9cnico, sin la autorizaci\u00f3n de\u00a0<b>Global Beauty Partners<\/b>.<\/p>\n<p>El USUARIO se compromete a respetar los derechos de Propiedad Intelectual e Industrial titularidad de\u00a0<b>Global Beauty Partners<\/b>. Podr\u00e1 visualizar los elementos del portal e incluso imprimirlos, copiarlos y almacenarlos en el disco duro de su ordenador o en cualquier otro soporte f\u00edsico siempre y cuando sea, \u00fanica y exclusivamente, para su uso personal y privado.<\/p>\n<p>El USUARIO deber\u00e1 abstenerse de suprimir, alterar, eludir o manipular cualquier dispositivo de protecci\u00f3n o sistema de seguridad que estuviera instalado en las p\u00e1ginas de\u00a0<b>Global Beauty Partners<\/b>.<\/p>\n<h2>Exclusi\u00f3n de Garant\u00edas y Responsabilidad:<\/h2>\n<p><b>Global Beauty Partners<\/b><b>\u00a0<\/b>\u00a0no se hace responsable, en ning\u00fan caso, de los da\u00f1os y perjuicios de cualquier naturaleza que pudieran ocasionar, a t\u00edtulo enunciativo: errores u omisiones en los contenidos, falta de disponibilidad del portal o la transmisi\u00f3n de virus o programas maliciosos o lesivos en los contenidos, a pesar de haber adoptado todas las medidas tecnol\u00f3gicas necesarias para evitarlo.<\/p>\n<h2>Modificaciones:<\/h2>\n<p><b>Global Beauty Partners<\/b><b>\u00a0<\/b>\u00a0se reserva el derecho de efectuar sin previo aviso las modificaciones que considere oportunas en su portal, pudiendo cambiar, suprimir o a\u00f1adir tanto los contenidos y servicios que se presten a trav\u00e9s de la misma como la forma en la que \u00e9stos aparezcan presentados o localizados en su portal.<\/p>\n<h2>Enlaces:<\/h2>\n<p>En el caso de que en nombre del dominio se dispusiesen enlaces o hiperv\u00ednculos hac\u00eda otros sitios de Internet,\u00a0<b>Global Beauty Partners<\/b>\u00a0no ejercer\u00e1 ning\u00fan tipo de control sobre dichos sitios y contenidos. En ning\u00fan caso\u00a0<b>Global Beauty Partners<\/b>\u00a0asumir\u00e1 responsabilidad alguna por los contenidos de alg\u00fan enlace perteneciente a un sitio web ajeno, ni garantizar\u00e1 la disponibilidad t\u00e9cnica, calidad, fiabilidad, exactitud, amplitud, veracidad, validez y constitucionalidad de cualquier material o informaci\u00f3n contenida en ninguno de dichos hiperv\u00ednculos u otros sitios de Internet. Igualmente la inclusi\u00f3n de estas conexiones externas no implicar\u00e1 ning\u00fan tipo de asociaci\u00f3n, fusi\u00f3n o participaci\u00f3n con las entidades conectadas.<\/p>\n<h2>Derecho de Exclusi\u00f3n:<\/h2>\n<p><b>Global Beauty Partners<\/b>\u00a0se reserva el derecho a denegar o retirar el acceso a portal y\/o los servicios ofrecidos sin necesidad de previo aviso, a instancia propia o de un tercero, a aquellos usuarios que incumplan las presentes Condiciones Generales de Uso.<\/p>\n<h2>Generalidades:<\/h2>\n<p><b>Global Beauty Partners<\/b>\u00a0perseguir\u00e1 el incumplimiento de las presentes condiciones as\u00ed como cualquier utilizaci\u00f3n indebida de su portal ejerciendo todas las acciones civiles y penales que le puedan corresponder en derecho.<\/p>\n<h2>Modificaci\u00f3n de las Presentes Condiciones y Duraci\u00f3n:<\/h2>\n<p><b>Global Beauty Partners<\/b>\u00a0podr\u00e1 modificar en cualquier momento las condiciones aqu\u00ed determinadas, siendo debidamente publicadas como aqu\u00ed aparecen. La vigencia de las citadas condiciones ir\u00e1 en funci\u00f3n de su exposici\u00f3n y estar\u00e1n vigentes hasta que sean modificadas por otras debidamente publicadas.<\/p>\n<h2>Legislaci\u00f3n Aplicable y Jurisdicci\u00f3n:<\/h2>\n<p>La relaci\u00f3n entre\u00a0<b>Global Beauty Partners<\/b>\u00a0y el USUARIO se regir\u00e1 por la normativa europea vigente y cualquier controversia se someter\u00e1 a los Juzgados correspondientes.<\/p>\n","protected":false},"excerpt":{"rendered":"<p>En cumplimiento con el Reglamento General de Protecci\u00f3n de Datos (GDPR) (EU) 2016\/679, a continuaci\u00f3n se reflejan los siguientes datos: la empresa titular de dominio web es Lorenzo Grottanelli,\u00a0en adelante\u00a0Global Beauty Partners, con domicilio a estos efectos en CAMBIAR_AQU\u00cd.\u00a0Correo electr\u00f3nico de contacto:\u00a0info@globalbeauty.info. Usuarios: El acceso y\/o uso de este portal de\u00a0GlobalBeauty.info\u00a0atribuye la condici\u00f3n de USUARIO, [&hellip;]<\/p>\n","protected":false},"author":1,"featured_media":0,"parent":0,"menu_order":0,"comment_status":"closed","ping_status":"closed","template":"","meta":{"_acf_changed":false,"footnotes":""},"class_list":["post-180","page","type-page","status-publish","hentry"],"acf":[],"jetpack_sharing_enabled":true,"_links":{"self":[{"href":"https:\/\/globalbeauty.info\/es\/wp-json\/wp\/v2\/pages\/180","targetHints":{"allow":["GET"]}}],"collection":[{"href":"https:\/\/globalbeauty.info\/es\/wp-json\/wp\/v2\/pages"}],"about":[{"href":"https:\/\/globalbeauty.info\/es\/wp-json\/wp\/v2\/types\/page"}],"author":[{"embeddable":true,"href":"https:\/\/globalbeauty.info\/es\/wp-json\/wp\/v2\/users\/1"}],"replies":[{"embeddable":true,"href":"https:\/\/globalbeauty.info\/es\/wp-json\/wp\/v2\/comments?post=180"}],"version-history":[{"count":2,"href":"https:\/\/globalbeauty.info\/es\/wp-json\/wp\/v2\/pages\/180\/revisions"}],"predecessor-version":[{"id":282,"href":"https:\/\/globalbeauty.info\/es\/wp-json\/wp\/v2\/pages\/180\/revisions\/282"}],"wp:attachment":[{"href":"https:\/\/globalbeauty.info\/es\/wp-json\/wp\/v2\/media?parent=180"}],"curies":[{"name":"wp","href":"https:\/\/api.w.org\/{rel}","templated":true}]}}